{"id":1239,"date":"2023-06-26T11:17:15","date_gmt":"2023-06-26T11:17:15","guid":{"rendered":"https:\/\/werknemers.ambassador-vzw.be\/techniques-demballage-et-de-protection-de-base-debutant\/"},"modified":"2023-07-25T11:33:03","modified_gmt":"2023-07-25T11:33:03","slug":"techniques-demballage-et-de-protection-de-base-debutant","status":"publish","type":"page","link":"https:\/\/werknemers.ambassador-vzw.be\/fr\/formations\/formation-continue\/techniques-demballage-et-de-protection-de-base-debutant\/","title":{"rendered":"Techniques d\u2019emballage et de protection de base &#8211; D\u00e9butant"},"content":{"rendered":"[vc_row type=\u00a0\u00bbin_container\u00a0\u00bb full_screen_row_position=\u00a0\u00bbmiddle\u00a0\u00bb column_margin=\u00a0\u00bbdefault\u00a0\u00bb equal_height=\u00a0\u00bbyes\u00a0\u00bb content_placement=\u00a0\u00bbmiddle\u00a0\u00bb column_direction=\u00a0\u00bbdefault\u00a0\u00bb column_direction_tablet=\u00a0\u00bbcolumn_reverse\u00a0\u00bb column_direction_phone=\u00a0\u00bbcolumn_reverse\u00a0\u00bb scene_position=\u00a0\u00bbcenter\u00a0\u00bb top_padding=\u00a0\u00bb2%\u00a0\u00bb bottom_padding=\u00a0\u00bb1%\u00a0\u00bb text_color=\u00a0\u00bbdark\u00a0\u00bb text_align=\u00a0\u00bbleft\u00a0\u00bb row_border_radius=\u00a0\u00bbnone\u00a0\u00bb row_border_radius_applies=\u00a0\u00bbbg\u00a0\u00bb overflow=\u00a0\u00bbvisible\u00a0\u00bb overlay_strength=\u00a0\u00bb0.3&Prime; gradient_direction=\u00a0\u00bbleft_to_right\u00a0\u00bb shape_divider_position=\u00a0\u00bbbottom\u00a0\u00bb bg_image_animation=\u00a0\u00bbnone\u00a0\u00bb gradient_type=\u00a0\u00bbdefault\u00a0\u00bb shape_type=\u00a0\u00bb\u00a0\u00bb][vc_column column_padding=\u00a0\u00bbpadding-5-percent\u00a0\u00bb column_padding_tablet=\u00a0\u00bbinherit\u00a0\u00bb column_padding_phone=\u00a0\u00bbinherit\u00a0\u00bb column_padding_position=\u00a0\u00bbright\u00a0\u00bb column_element_direction_desktop=\u00a0\u00bbdefault\u00a0\u00bb column_element_spacing=\u00a0\u00bbdefault\u00a0\u00bb desktop_text_alignment=\u00a0\u00bbdefault\u00a0\u00bb tablet_text_alignment=\u00a0\u00bbdefault\u00a0\u00bb phone_text_alignment=\u00a0\u00bbdefault\u00a0\u00bb background_color_opacity=\u00a0\u00bb1&Prime; background_hover_color_opacity=\u00a0\u00bb1&Prime; column_backdrop_filter=\u00a0\u00bbnone\u00a0\u00bb column_shadow=\u00a0\u00bbnone\u00a0\u00bb column_border_radius=\u00a0\u00bbnone\u00a0\u00bb column_link_target=\u00a0\u00bb_self\u00a0\u00bb column_position=\u00a0\u00bbdefault\u00a0\u00bb gradient_direction=\u00a0\u00bbleft_to_right\u00a0\u00bb overlay_strength=\u00a0\u00bb0.3&Prime; width=\u00a0\u00bb1\/2&Prime; tablet_width_inherit=\u00a0\u00bbdefault\u00a0\u00bb animation_type=\u00a0\u00bbdefault\u00a0\u00bb bg_image_animation=\u00a0\u00bbnone\u00a0\u00bb border_type=\u00a0\u00bbsimple\u00a0\u00bb column_border_width=\u00a0\u00bbnone\u00a0\u00bb column_border_style=\u00a0\u00bbsolid\u00a0\u00bb column_padding_type=\u00a0\u00bbdefault\u00a0\u00bb gradient_type=\u00a0\u00bbdefault\u00a0\u00bb][vc_column_text]\n<h1>Techniques d\u2019emballage et de protection de base : D\u00e9butant<\/h1>\n<div class=\"row\">\n<div class=\"col-md-12\">\n<p>Un bon d\u00e9but, c\u2019est d\u00e9j\u00e0 la moiti\u00e9 du travail accompli. Lors d&rsquo;un d\u00e9m\u00e9nagement, il est bien s\u00fbr important d&rsquo;\u00e9viter les dommages. Pour cela, il faut utiliser des techniques d&#8217;emballage et de protection correctes. Dans la pratique, il peut s&rsquo;agir d&rsquo;un d\u00e9m\u00e9nagement priv\u00e9, d&rsquo;un projet de d\u00e9m\u00e9nagement de plusieurs jours ou d&rsquo;un exp\u00e9dition outre-mer (avanc\u00e9). Gr\u00e2ce \u00e0 l&rsquo;innovation dans le secteur, de nombreux mat\u00e9riaux d&#8217;emballage ont \u00e9t\u00e9 mis au point et sont abord\u00e9s en d\u00e9tail au cours de cette formation. L&#8217;emballage implique souvent beaucoup de formalit\u00e9s administratives. Cette formation aborde \u00e9galement ce sujet.<\/p>\n<p><strong><em>Au terme de la formation, les participants seront capables de<\/em><\/strong>:<\/p>\n<ul>\n<li>Avoir une vue d&rsquo;ensemble des diff\u00e9rents mat\u00e9riaux d&#8217;emballage et des \u00e9quipements de protection pour un d\u00e9m\u00e9nagement<\/li>\n<li>Savoir comment emballer les objets les plus courants lors d&rsquo;un d\u00e9m\u00e9nagement<\/li>\n<li>Conna\u00eetre les diff\u00e9rents risques de dommages<\/li>\n<li>Conna\u00eetre les erreurs d&#8217;emballage les plus courantes<\/li>\n<li>Conna\u00eetre la diff\u00e9rence entre les d\u00e9m\u00e9nagements priv\u00e9s, professionnels et d&rsquo;entreprises\/bureaux<\/li>\n<li>Mettre l&rsquo;accent sur l&rsquo;application pratique des techniques d&#8217;emballage<\/li>\n<li>\u00catre capable de d\u00e9baller de mani\u00e8re professionnelle et d&rsquo;appliquer les proc\u00e9dures correctes en cas de dommages<\/li>\n<li>Pr\u00e9parer divers documents d&rsquo;accompagnement tels qu&rsquo;un inventaire et \u00eatre conscient des autres formalit\u00e9s possibles (lecture d&rsquo;un plan, &#8230;.)<\/li>\n<li>Appliquer une strat\u00e9gie de communication pour l&#8217;emballage et le d\u00e9ballage<\/li>\n<\/ul>\n<p><strong><em>Tarifs:<\/em><\/strong><\/p>\n<ul>\n<li>D\u00e9tenteur d\u2019une carte P : GRATUIT<\/li>\n<li>Standard : 250 EUR<\/li>\n<\/ul>\n<\/div>\n<\/div>\n[\/vc_column_text][nectar_btn size=\u00a0\u00bblarge\u00a0\u00bb button_style=\u00a0\u00bbregular\u00a0\u00bb button_color_2=\u00a0\u00bbAccent-Color\u00a0\u00bb icon_family=\u00a0\u00bbnone\u00a0\u00bb text=\u00a0\u00bbJe suis int\u00e9ress\u00e9 !\u00a0\u00bb url=\u00a0\u00bb\/fr\/opleidingskalender\/\u00a0\u00bb][\/vc_column][vc_column column_padding=\u00a0\u00bbpadding-7-percent\u00a0\u00bb column_padding_tablet=\u00a0\u00bbinherit\u00a0\u00bb column_padding_phone=\u00a0\u00bbinherit\u00a0\u00bb column_padding_position=\u00a0\u00bbtop-bottom\u00a0\u00bb column_element_direction_desktop=\u00a0\u00bbdefault\u00a0\u00bb column_element_spacing=\u00a0\u00bbdefault\u00a0\u00bb centered_text=\u00a0\u00bbtrue\u00a0\u00bb desktop_text_alignment=\u00a0\u00bbdefault\u00a0\u00bb tablet_text_alignment=\u00a0\u00bbdefault\u00a0\u00bb phone_text_alignment=\u00a0\u00bbdefault\u00a0\u00bb background_color=\u00a0\u00bb#3abcda\u00a0\u00bb background_color_opacity=\u00a0\u00bb1&Prime; background_hover_color_opacity=\u00a0\u00bb1&Prime; column_backdrop_filter=\u00a0\u00bbnone\u00a0\u00bb column_shadow=\u00a0\u00bbnone\u00a0\u00bb column_border_radius=\u00a0\u00bbnone\u00a0\u00bb column_link_target=\u00a0\u00bb_self\u00a0\u00bb column_position=\u00a0\u00bbdefault\u00a0\u00bb gradient_direction=\u00a0\u00bbleft_to_right\u00a0\u00bb overlay_strength=\u00a0\u00bb0.3&Prime; width=\u00a0\u00bb1\/2&Prime; tablet_width_inherit=\u00a0\u00bbdefault\u00a0\u00bb animation_type=\u00a0\u00bbdefault\u00a0\u00bb bg_image_animation=\u00a0\u00bbnone\u00a0\u00bb border_type=\u00a0\u00bbsimple\u00a0\u00bb column_border_width=\u00a0\u00bbnone\u00a0\u00bb column_border_style=\u00a0\u00bbsolid\u00a0\u00bb mask_enable=\u00a0\u00bbtrue\u00a0\u00bb mask_size=\u00a0\u00bbcontain\u00a0\u00bb column_padding_type=\u00a0\u00bbdefault\u00a0\u00bb gradient_type=\u00a0\u00bbdefault\u00a0\u00bb][image_with_animation image_url=\u00a0\u00bb417&Prime; image_size=\u00a0\u00bbfull\u00a0\u00bb animation_type=\u00a0\u00bbentrance\u00a0\u00bb animation=\u00a0\u00bbNone\u00a0\u00bb animation_movement_type=\u00a0\u00bbtransform_y\u00a0\u00bb hover_animation=\u00a0\u00bbnone\u00a0\u00bb alignment=\u00a0\u00bbright\u00a0\u00bb border_radius=\u00a0\u00bbnone\u00a0\u00bb box_shadow=\u00a0\u00bbnone\u00a0\u00bb image_loading=\u00a0\u00bbdefault\u00a0\u00bb max_width=\u00a0\u00bb100%\u00a0\u00bb max_width_mobile=\u00a0\u00bbdefault\u00a0\u00bb margin_right=\u00a0\u00bb16%\u00a0\u00bb][\/vc_column][\/vc_row]\n","protected":false},"excerpt":{"rendered":"<p>[vc_row type=\u00a0\u00bbin_container\u00a0\u00bb full_screen_row_position=\u00a0\u00bbmiddle\u00a0\u00bb column_margin=\u00a0\u00bbdefault\u00a0\u00bb equal_height=\u00a0\u00bbyes\u00a0\u00bb content_placement=\u00a0\u00bbmiddle\u00a0\u00bb column_direction=\u00a0\u00bbdefault\u00a0\u00bb column_direction_tablet=\u00a0\u00bbcolumn_reverse\u00a0\u00bb column_direction_phone=\u00a0\u00bbcolumn_reverse\u00a0\u00bb scene_position=\u00a0\u00bbcenter\u00a0\u00bb top_padding=\u00a0\u00bb2%\u00a0\u00bb bottom_padding=\u00a0\u00bb1%\u00a0\u00bb text_color=\u00a0\u00bbdark\u00a0\u00bb text_align=\u00a0\u00bbleft\u00a0\u00bb row_border_radius=\u00a0\u00bbnone\u00a0\u00bb row_border_radius_applies=\u00a0\u00bbbg\u00a0\u00bb overflow=\u00a0\u00bbvisible\u00a0\u00bb overlay_strength=\u00a0\u00bb0.3&Prime; gradient_direction=\u00a0\u00bbleft_to_right\u00a0\u00bb shape_divider_position=\u00a0\u00bbbottom\u00a0\u00bb bg_image_animation=\u00a0\u00bbnone\u00a0\u00bb gradient_type=\u00a0\u00bbdefault\u00a0\u00bb shape_type=\u00a0\u00bb\u00a0\u00bb][vc_column column_padding=\u00a0\u00bbpadding-5-percent\u00a0\u00bb column_padding_tablet=\u00a0\u00bbinherit\u00a0\u00bb column_padding_phone=\u00a0\u00bbinherit\u00a0\u00bb column_padding_position=\u00a0\u00bbright\u00a0\u00bb column_element_direction_desktop=\u00a0\u00bbdefault\u00a0\u00bb column_element_spacing=\u00a0\u00bbdefault\u00a0\u00bb desktop_text_alignment=\u00a0\u00bbdefault\u00a0\u00bb&#8230;<\/p>\n","protected":false},"author":1,"featured_media":0,"parent":1255,"menu_order":0,"comment_status":"closed","ping_status":"closed","template":"","meta":{"footnotes":""},"class_list":["post-1239","page","type-page","status-publish"],"yoast_head":"<!-- This site is optimized with the Yoast SEO plugin v27.4 - https:\/\/yoast.com\/product\/yoast-seo-wordpress\/ -->\n<title>Techniques d\u2019emballage et de protection de base - D\u00e9butant - Ambassador Voor Werknemers<\/title>\n<meta name=\"robots\" content=\"index, follow, max-snippet:-1, max-image-preview:large, max-video-preview:-1\" \/>\n<link rel=\"canonical\" href=\"https:\/\/werknemers.ambassador-vzw.be\/fr\/formations\/formation-continue\/techniques-demballage-et-de-protection-de-base-debutant\/\" \/>\n<meta property=\"og:locale\" content=\"fr_FR\" \/>\n<meta property=\"og:type\" content=\"article\" \/>\n<meta property=\"og:title\" content=\"Techniques d\u2019emballage et de protection de base - D\u00e9butant - Ambassador Voor Werknemers\" \/>\n<meta property=\"og:description\" content=\"[vc_row type=\u00a0\u00bbin_container\u00a0\u00bb full_screen_row_position=\u00a0\u00bbmiddle\u00a0\u00bb column_margin=\u00a0\u00bbdefault\u00a0\u00bb equal_height=\u00a0\u00bbyes\u00a0\u00bb content_placement=\u00a0\u00bbmiddle\u00a0\u00bb column_direction=\u00a0\u00bbdefault\u00a0\u00bb column_direction_tablet=\u00a0\u00bbcolumn_reverse\u00a0\u00bb column_direction_phone=\u00a0\u00bbcolumn_reverse\u00a0\u00bb scene_position=\u00a0\u00bbcenter\u00a0\u00bb top_padding=\u00a0\u00bb2%\u00a0\u00bb bottom_padding=\u00a0\u00bb1%\u00a0\u00bb text_color=\u00a0\u00bbdark\u00a0\u00bb text_align=\u00a0\u00bbleft\u00a0\u00bb row_border_radius=\u00a0\u00bbnone\u00a0\u00bb row_border_radius_applies=\u00a0\u00bbbg\u00a0\u00bb overflow=\u00a0\u00bbvisible\u00a0\u00bb overlay_strength=\u00a0\u00bb0.3&Prime; gradient_direction=\u00a0\u00bbleft_to_right\u00a0\u00bb shape_divider_position=\u00a0\u00bbbottom\u00a0\u00bb bg_image_animation=\u00a0\u00bbnone\u00a0\u00bb gradient_type=\u00a0\u00bbdefault\u00a0\u00bb shape_type=\u00a0\u00bb\u00a0\u00bb][vc_column column_padding=\u00a0\u00bbpadding-5-percent\u00a0\u00bb column_padding_tablet=\u00a0\u00bbinherit\u00a0\u00bb column_padding_phone=\u00a0\u00bbinherit\u00a0\u00bb column_padding_position=\u00a0\u00bbright\u00a0\u00bb column_element_direction_desktop=\u00a0\u00bbdefault\u00a0\u00bb column_element_spacing=\u00a0\u00bbdefault\u00a0\u00bb desktop_text_alignment=\u00a0\u00bbdefault\u00a0\u00bb...\" \/>\n<meta property=\"og:url\" content=\"https:\/\/werknemers.ambassador-vzw.be\/fr\/formations\/formation-continue\/techniques-demballage-et-de-protection-de-base-debutant\/\" \/>\n<meta property=\"og:site_name\" content=\"Ambassador Voor Werknemers\" \/>\n<meta property=\"article:publisher\" content=\"https:\/\/www.facebook.com\/verhuizers.opleiding.formation.demenageurs\/\" \/>\n<meta property=\"article:modified_time\" content=\"2023-07-25T11:33:03+00:00\" \/>\n<meta name=\"twitter:card\" content=\"summary_large_image\" \/>\n<meta name=\"twitter:label1\" content=\"Dur\u00e9e de lecture estim\u00e9e\" \/>\n\t<meta name=\"twitter:data1\" content=\"3 minutes\" \/>\n<script type=\"application\/ld+json\" class=\"yoast-schema-graph\">{\"@context\":\"https:\\\/\\\/schema.org\",\"@graph\":[{\"@type\":\"WebPage\",\"@id\":\"https:\\\/\\\/werknemers.ambassador-vzw.be\\\/fr\\\/formations\\\/formation-continue\\\/techniques-demballage-et-de-protection-de-base-debutant\\\/\",\"url\":\"https:\\\/\\\/werknemers.ambassador-vzw.be\\\/fr\\\/formations\\\/formation-continue\\\/techniques-demballage-et-de-protection-de-base-debutant\\\/\",\"name\":\"Techniques d\u2019emballage et de protection de base - D\u00e9butant - Ambassador Voor Werknemers\",\"isPartOf\":{\"@id\":\"https:\\\/\\\/werknemers.ambassador-vzw.be\\\/fr\\\/#website\"},\"datePublished\":\"2023-06-26T11:17:15+00:00\",\"dateModified\":\"2023-07-25T11:33:03+00:00\",\"breadcrumb\":{\"@id\":\"https:\\\/\\\/werknemers.ambassador-vzw.be\\\/fr\\\/formations\\\/formation-continue\\\/techniques-demballage-et-de-protection-de-base-debutant\\\/#breadcrumb\"},\"inLanguage\":\"fr-FR\",\"potentialAction\":[{\"@type\":\"ReadAction\",\"target\":[\"https:\\\/\\\/werknemers.ambassador-vzw.be\\\/fr\\\/formations\\\/formation-continue\\\/techniques-demballage-et-de-protection-de-base-debutant\\\/\"]}]},{\"@type\":\"BreadcrumbList\",\"@id\":\"https:\\\/\\\/werknemers.ambassador-vzw.be\\\/fr\\\/formations\\\/formation-continue\\\/techniques-demballage-et-de-protection-de-base-debutant\\\/#breadcrumb\",\"itemListElement\":[{\"@type\":\"ListItem\",\"position\":1,\"name\":\"Home\",\"item\":\"https:\\\/\\\/werknemers.ambassador-vzw.be\\\/fr\\\/accueil\\\/\"},{\"@type\":\"ListItem\",\"position\":2,\"name\":\"Formations\",\"item\":\"https:\\\/\\\/werknemers.ambassador-vzw.be\\\/fr\\\/formations\\\/\"},{\"@type\":\"ListItem\",\"position\":3,\"name\":\"Formation continue\",\"item\":\"https:\\\/\\\/werknemers.ambassador-vzw.be\\\/fr\\\/formations\\\/formation-continue\\\/\"},{\"@type\":\"ListItem\",\"position\":4,\"name\":\"Techniques d\u2019emballage et de protection de base &#8211; D\u00e9butant\"}]},{\"@type\":\"WebSite\",\"@id\":\"https:\\\/\\\/werknemers.ambassador-vzw.be\\\/fr\\\/#website\",\"url\":\"https:\\\/\\\/werknemers.ambassador-vzw.be\\\/fr\\\/\",\"name\":\"Ambassador Voor Werknemers\",\"description\":\"\",\"publisher\":{\"@id\":\"https:\\\/\\\/werknemers.ambassador-vzw.be\\\/fr\\\/#organization\"},\"potentialAction\":[{\"@type\":\"SearchAction\",\"target\":{\"@type\":\"EntryPoint\",\"urlTemplate\":\"https:\\\/\\\/werknemers.ambassador-vzw.be\\\/fr\\\/?s={search_term_string}\"},\"query-input\":{\"@type\":\"PropertyValueSpecification\",\"valueRequired\":true,\"valueName\":\"search_term_string\"}}],\"inLanguage\":\"fr-FR\"},{\"@type\":\"Organization\",\"@id\":\"https:\\\/\\\/werknemers.ambassador-vzw.be\\\/fr\\\/#organization\",\"name\":\"Ambassador Voor Werknemers\",\"url\":\"https:\\\/\\\/werknemers.ambassador-vzw.be\\\/fr\\\/\",\"logo\":{\"@type\":\"ImageObject\",\"inLanguage\":\"fr-FR\",\"@id\":\"https:\\\/\\\/werknemers.ambassador-vzw.be\\\/fr\\\/#\\\/schema\\\/logo\\\/image\\\/\",\"url\":\"https:\\\/\\\/werknemers.ambassador-vzw.be\\\/wp-content\\\/uploads\\\/2023\\\/04\\\/AMBASSADOR_color_Vertical.png\",\"contentUrl\":\"https:\\\/\\\/werknemers.ambassador-vzw.be\\\/wp-content\\\/uploads\\\/2023\\\/04\\\/AMBASSADOR_color_Vertical.png\",\"width\":2448,\"height\":2810,\"caption\":\"Ambassador Voor Werknemers\"},\"image\":{\"@id\":\"https:\\\/\\\/werknemers.ambassador-vzw.be\\\/fr\\\/#\\\/schema\\\/logo\\\/image\\\/\"},\"sameAs\":[\"https:\\\/\\\/www.facebook.com\\\/verhuizers.opleiding.formation.demenageurs\\\/\",\"https:\\\/\\\/www.instagram.com\\\/moving_academy_belgium\",\"https:\\\/\\\/www.linkedin.com\\\/company\\\/ambassador-vzw-asbl\\\/\"]}]}<\/script>\n<!-- \/ Yoast SEO plugin. -->","yoast_head_json":{"title":"Techniques d\u2019emballage et de protection de base - D\u00e9butant - Ambassador Voor Werknemers","robots":{"index":"index","follow":"follow","max-snippet":"max-snippet:-1","max-image-preview":"max-image-preview:large","max-video-preview":"max-video-preview:-1"},"canonical":"https:\/\/werknemers.ambassador-vzw.be\/fr\/formations\/formation-continue\/techniques-demballage-et-de-protection-de-base-debutant\/","og_locale":"fr_FR","og_type":"article","og_title":"Techniques d\u2019emballage et de protection de base - D\u00e9butant - Ambassador Voor Werknemers","og_description":"[vc_row type=\u00a0\u00bbin_container\u00a0\u00bb full_screen_row_position=\u00a0\u00bbmiddle\u00a0\u00bb column_margin=\u00a0\u00bbdefault\u00a0\u00bb equal_height=\u00a0\u00bbyes\u00a0\u00bb content_placement=\u00a0\u00bbmiddle\u00a0\u00bb column_direction=\u00a0\u00bbdefault\u00a0\u00bb column_direction_tablet=\u00a0\u00bbcolumn_reverse\u00a0\u00bb column_direction_phone=\u00a0\u00bbcolumn_reverse\u00a0\u00bb scene_position=\u00a0\u00bbcenter\u00a0\u00bb top_padding=\u00a0\u00bb2%\u00a0\u00bb bottom_padding=\u00a0\u00bb1%\u00a0\u00bb text_color=\u00a0\u00bbdark\u00a0\u00bb text_align=\u00a0\u00bbleft\u00a0\u00bb row_border_radius=\u00a0\u00bbnone\u00a0\u00bb row_border_radius_applies=\u00a0\u00bbbg\u00a0\u00bb overflow=\u00a0\u00bbvisible\u00a0\u00bb overlay_strength=\u00a0\u00bb0.3&Prime; gradient_direction=\u00a0\u00bbleft_to_right\u00a0\u00bb shape_divider_position=\u00a0\u00bbbottom\u00a0\u00bb bg_image_animation=\u00a0\u00bbnone\u00a0\u00bb gradient_type=\u00a0\u00bbdefault\u00a0\u00bb shape_type=\u00a0\u00bb\u00a0\u00bb][vc_column column_padding=\u00a0\u00bbpadding-5-percent\u00a0\u00bb column_padding_tablet=\u00a0\u00bbinherit\u00a0\u00bb column_padding_phone=\u00a0\u00bbinherit\u00a0\u00bb column_padding_position=\u00a0\u00bbright\u00a0\u00bb column_element_direction_desktop=\u00a0\u00bbdefault\u00a0\u00bb column_element_spacing=\u00a0\u00bbdefault\u00a0\u00bb desktop_text_alignment=\u00a0\u00bbdefault\u00a0\u00bb...","og_url":"https:\/\/werknemers.ambassador-vzw.be\/fr\/formations\/formation-continue\/techniques-demballage-et-de-protection-de-base-debutant\/","og_site_name":"Ambassador Voor Werknemers","article_publisher":"https:\/\/www.facebook.com\/verhuizers.opleiding.formation.demenageurs\/","article_modified_time":"2023-07-25T11:33:03+00:00","twitter_card":"summary_large_image","twitter_misc":{"Dur\u00e9e de lecture estim\u00e9e":"3 minutes"},"schema":{"@context":"https:\/\/schema.org","@graph":[{"@type":"WebPage","@id":"https:\/\/werknemers.ambassador-vzw.be\/fr\/formations\/formation-continue\/techniques-demballage-et-de-protection-de-base-debutant\/","url":"https:\/\/werknemers.ambassador-vzw.be\/fr\/formations\/formation-continue\/techniques-demballage-et-de-protection-de-base-debutant\/","name":"Techniques d\u2019emballage et de protection de base - D\u00e9butant - Ambassador Voor Werknemers","isPartOf":{"@id":"https:\/\/werknemers.ambassador-vzw.be\/fr\/#website"},"datePublished":"2023-06-26T11:17:15+00:00","dateModified":"2023-07-25T11:33:03+00:00","breadcrumb":{"@id":"https:\/\/werknemers.ambassador-vzw.be\/fr\/formations\/formation-continue\/techniques-demballage-et-de-protection-de-base-debutant\/#breadcrumb"},"inLanguage":"fr-FR","potentialAction":[{"@type":"ReadAction","target":["https:\/\/werknemers.ambassador-vzw.be\/fr\/formations\/formation-continue\/techniques-demballage-et-de-protection-de-base-debutant\/"]}]},{"@type":"BreadcrumbList","@id":"https:\/\/werknemers.ambassador-vzw.be\/fr\/formations\/formation-continue\/techniques-demballage-et-de-protection-de-base-debutant\/#breadcrumb","itemListElement":[{"@type":"ListItem","position":1,"name":"Home","item":"https:\/\/werknemers.ambassador-vzw.be\/fr\/accueil\/"},{"@type":"ListItem","position":2,"name":"Formations","item":"https:\/\/werknemers.ambassador-vzw.be\/fr\/formations\/"},{"@type":"ListItem","position":3,"name":"Formation continue","item":"https:\/\/werknemers.ambassador-vzw.be\/fr\/formations\/formation-continue\/"},{"@type":"ListItem","position":4,"name":"Techniques d\u2019emballage et de protection de base &#8211; D\u00e9butant"}]},{"@type":"WebSite","@id":"https:\/\/werknemers.ambassador-vzw.be\/fr\/#website","url":"https:\/\/werknemers.ambassador-vzw.be\/fr\/","name":"Ambassador Voor Werknemers","description":"","publisher":{"@id":"https:\/\/werknemers.ambassador-vzw.be\/fr\/#organization"},"potentialAction":[{"@type":"SearchAction","target":{"@type":"EntryPoint","urlTemplate":"https:\/\/werknemers.ambassador-vzw.be\/fr\/?s={search_term_string}"},"query-input":{"@type":"PropertyValueSpecification","valueRequired":true,"valueName":"search_term_string"}}],"inLanguage":"fr-FR"},{"@type":"Organization","@id":"https:\/\/werknemers.ambassador-vzw.be\/fr\/#organization","name":"Ambassador Voor Werknemers","url":"https:\/\/werknemers.ambassador-vzw.be\/fr\/","logo":{"@type":"ImageObject","inLanguage":"fr-FR","@id":"https:\/\/werknemers.ambassador-vzw.be\/fr\/#\/schema\/logo\/image\/","url":"https:\/\/werknemers.ambassador-vzw.be\/wp-content\/uploads\/2023\/04\/AMBASSADOR_color_Vertical.png","contentUrl":"https:\/\/werknemers.ambassador-vzw.be\/wp-content\/uploads\/2023\/04\/AMBASSADOR_color_Vertical.png","width":2448,"height":2810,"caption":"Ambassador Voor Werknemers"},"image":{"@id":"https:\/\/werknemers.ambassador-vzw.be\/fr\/#\/schema\/logo\/image\/"},"sameAs":["https:\/\/www.facebook.com\/verhuizers.opleiding.formation.demenageurs\/","https:\/\/www.instagram.com\/moving_academy_belgium","https:\/\/www.linkedin.com\/company\/ambassador-vzw-asbl\/"]}]}},"_links":{"self":[{"href":"https:\/\/werknemers.ambassador-vzw.be\/fr\/wp-json\/wp\/v2\/pages\/1239","targetHints":{"allow":["GET"]}}],"collection":[{"href":"https:\/\/werknemers.ambassador-vzw.be\/fr\/wp-json\/wp\/v2\/pages"}],"about":[{"href":"https:\/\/werknemers.ambassador-vzw.be\/fr\/wp-json\/wp\/v2\/types\/page"}],"author":[{"embeddable":true,"href":"https:\/\/werknemers.ambassador-vzw.be\/fr\/wp-json\/wp\/v2\/users\/1"}],"replies":[{"embeddable":true,"href":"https:\/\/werknemers.ambassador-vzw.be\/fr\/wp-json\/wp\/v2\/comments?post=1239"}],"version-history":[{"count":1,"href":"https:\/\/werknemers.ambassador-vzw.be\/fr\/wp-json\/wp\/v2\/pages\/1239\/revisions"}],"predecessor-version":[{"id":1240,"href":"https:\/\/werknemers.ambassador-vzw.be\/fr\/wp-json\/wp\/v2\/pages\/1239\/revisions\/1240"}],"up":[{"embeddable":true,"href":"https:\/\/werknemers.ambassador-vzw.be\/fr\/wp-json\/wp\/v2\/pages\/1255"}],"wp:attachment":[{"href":"https:\/\/werknemers.ambassador-vzw.be\/fr\/wp-json\/wp\/v2\/media?parent=1239"}],"curies":[{"name":"wp","href":"https:\/\/api.w.org\/{rel}","templated":true}]}}